{"id":1845,"date":"2024-06-18T11:25:01","date_gmt":"2024-06-18T09:25:01","guid":{"rendered":"https:\/\/wanicki.pl\/monosem\/?page_id=1845"},"modified":"2024-12-14T14:17:36","modified_gmt":"2024-12-14T13:17:36","slug":"rolnictwo-precyzyjne","status":"publish","type":"page","link":"https:\/\/dev.wanicki.pl\/monosem\/rolnictwo-precyzyjne\/","title":{"rendered":"Rolnictwo precyzyjne"},"content":{"rendered":"<div class=\"wp-block-wanicki-page-hero-header page-hero-header\">\n    <div class=\"page-hero-header__image page-hero-header__image--desktop\"\n          style=\"background-image: url(https:\/\/dev.wanicki.pl\/monosem\/wp-content\/uploads\/sites\/19\/2024\/06\/r2g047838_LSC-scaled.webp)\" ><\/div>\n    <div class=\"page-hero-header__image page-hero-header__image--mobile\"\n          style=\"background-image: url(https:\/\/dev.wanicki.pl\/monosem\/wp-content\/uploads\/sites\/19\/2024\/06\/r2g030659_LSC-scaled.webp)\"\n         >\n    <\/div>\n    <div class=\"page-hero-header__container container\">\n        <h1 class=\"page-hero-header__title\">ROLNICTWO <br><strong>PRECYZYJNE<\/strong><\/h1>\n                    <div class=\"page-hero-header__subtitle\"><p>MONOSEM &#8211; Wyznacznik nowych standard\u00f3w w siewie precyzyjnym<\/p>\n<\/div>\n                    <\/div>\n<\/div>\n\n\n<div class=\"wp-block-wanicki-image-with-text image-with-text  image-with-text--reversed \">\n\n    <div class=\"image-with-text__image\">\n                    <div class=\"image-with-text__image-photo\"\n                 style=\"background-image: url(https:\/\/dev.wanicki.pl\/monosem\/wp-content\/uploads\/sites\/19\/2024\/06\/monosem.png)\"><\/div>\n            <\/div>\n\n    <div class=\"image-with-text__info  image-with-text__info--reversed   image-with-text__info--white \">\n                    <div class=\"image-with-text__info-title-wrapper\">\n                <h2 class=\"image-with-text__info-title image-with-text__info-title--big\">Zmienny wysiew-  QuadRate Pro<\/h2>\n                                    <\/div>\n                            <div class=\"image-with-text__info-text\">\n                <p><strong>QuadRate Pro <\/strong>pomaga zaoszcz\u0119dzi\u0107 nak\u0142ady, maksymalizuj\u0105c plony, a co za tym idzie r\u00f3wnie\u017c zyski. System ten przyczynia si\u0119 do ochrony \u015brodowiska i zwi\u0119ksza komfort pracy operatora. QuadRate Pro wyr\u00f3\u017cnia si\u0119 na rynku dzi\u0119ki zaawansowanej technologii.<\/p>\n<p>Nowe oprogramowanie <strong>ValoTerra<\/strong> odr\u00f3\u017cnia si\u0119 od obecnego stanu bran\u017cy, poniewa\u017c zosta\u0142o zaprojektowane, aby sprosta\u0107 wysokim wymaganiom systemu dokumentacji, kt\u00f3ry zarz\u0105dza czterema produktami w poszczeg\u00f3lnych rz\u0119dach. Indywidualne zmienne dawkowanie w ka\u017cdym rz\u0119dzie.<\/p>\n<p><strong>Naw\u00f3z:<\/strong> Za po\u015brednictwem nowego FertiSmart, zarz\u0105dzanie nawo\u017ceniem indywidualnie w ka\u017cdym rz\u0119dzie.<\/p>\n\n            <\/div>\n                        \n    <\/div>\n\n<\/div>\n\n\n<div class=\"wp-block-wanicki-image-with-text image-with-text \">\n\n    <div class=\"image-with-text__image\">\n                    <div class=\"image-with-text__image-photo\"\n                 style=\"background-image: url(https:\/\/dev.wanicki.pl\/monosem\/wp-content\/uploads\/sites\/19\/2024\/06\/ValoTerra-9-scaled.jpg)\"><\/div>\n            <\/div>\n\n    <div class=\"image-with-text__info   image-with-text__info--white \">\n                    <div class=\"image-with-text__info-title-wrapper\">\n                <h2 class=\"image-with-text__info-title image-with-text__info-title--big\">Technologie dost\u0119pne w siewnikach ValoTerra<\/h2>\n                                    <\/div>\n                            <div class=\"image-with-text__info-text\">\n                <p><strong>WDS:<\/strong> Mo\u017cliwo\u015b\u0107 wykonania kalibracji rz\u0119du za pomoc\u0105 smartfona i aplikacji Monosem +.<\/p>\n<p><strong>JDLink:<\/strong> Dzi\u0119ki modu\u0142owi telematycznemu siewnik ValoTerra mo\u017ce wysy\u0142a\u0107 wa\u017cne dane dotycz\u0105ce dokumentacji, czasu pracy, lokalizacji, kod\u00f3w b\u0142\u0119d\u00f3w bezpo\u015brednio do bezp\u0142atnej platformy John Deere Operations Center.<\/p>\n<p><strong>Zmienne dawkowanie<\/strong>: na wy\u015bwietlaczach Gen4\/G5 dost\u0119pne na ka\u017cdym rz\u0119dzie, dla wszystkich produkt\u00f3w.<\/p>\n\n            <\/div>\n                        \n    <\/div>\n\n<\/div>\n\n\n<div class=\"wp-block-wanicki-cta-contact cta-contact\">\n    <div class=\"cta-contact__container\">\n        <div class=\"cta-contact__image\"\n              style=\"background-image: url(https:\/\/dev.wanicki.pl\/monosem\/wp-content\/uploads\/sites\/19\/2024\/06\/r2g030282_LSC-scaled.webp)\"         ><\/div>\n        <div class=\"container cta-contact__content\">\n                            <h2 class=\"cta-contact__title\">Skontaktuj si\u0119 z naszymi specjalistami!<\/h2>\n                                                <div class=\"cta-contact__departments\">\n                                            <div class=\"cta-contact__department\">\n                                                                                        <h4 class=\"cta-contact__department-title\">\n                                    Patryk Besi\u0144ski\n                                <\/h4>\n                                                                                        <div class=\"cta-contact__department-el\">\n                                    <svg class=\"cta-contact__department-phone\" class=\"feather feather-phone-call\" fill=\"none\" height=\"24\" stroke=\"currentColor\" stroke-linecap=\"round\" stroke-linejoin=\"round\" stroke-width=\"2\" viewBox=\"0 0 24 24\" width=\"24\" xmlns=\"http:\/\/www.w3.org\/2000\/svg\">\n  <path d=\"M15.05 5A5 5 0 0 1 19 8.95M15.05 1A9 9 0 0 1 23 8.94m-1 7.98v3a2 2 0 0 1-2.18 2 19.79 19.79 0 0 1-8.63-3.07 19.5 19.5 0 0 1-6-6 19.79 19.79 0 0 1-3.07-8.67A2 2 0 0 1 4.11 2h3a2 2 0 0 1 2 1.72 12.84 12.84 0 0 0 .7 2.81 2 2 0 0 1-.45 2.11L8.09 9.91a16 16 0 0 0 6 6l1.27-1.27a2 2 0 0 1 2.11-.45 12.84 12.84 0 0 0 2.81.7A2 2 0 0 1 22 16.92z\"\/>\n<\/svg>                                    <a href=\"tel:723 883 505\" class=\"cta-contact__department-link\">\n                                        723 883 505\n                                    <\/a>\n                                <\/div>\n                                                                                        <div class=\"cta-contact__department-el\">\n                                    <svg class=\"cta-contact__department-email\" fill=\"currentColor\" height=\"512\" viewBox=\"0 0 512 512\" width=\"512\" xmlns=\"http:\/\/www.w3.org\/2000\/svg\">\n  <path d=\"M256 64C150 64 64 150 64 256s86 192 192 192 192-86 192-192S362 64 256 64Z\" style=\"fill:none;stroke:#000;stroke-miterlimit:10;stroke-width:32px\"\/>\n  <path style=\"fill:none;stroke:#000;stroke-linecap:round;stroke-linejoin:round;stroke-width:32px\" d=\"M256 128v144h96\"\/>\n<\/svg>                                    <a href=\"mailto::patryk.besinski@wanicki.pl\" class=\"cta-contact__department-link\">\n                                        patryk.besinski@wanicki.pl\n                                    <\/a>\n                                <\/div>\n                                                    <\/div>\n                                            <div class=\"cta-contact__department\">\n                                                                                        <h4 class=\"cta-contact__department-title\">\n                                    Tomasz Szo\u0142drowski\n                                <\/h4>\n                                                                                        <div class=\"cta-contact__department-el\">\n                                    <svg class=\"cta-contact__department-phone\" class=\"feather feather-phone-call\" fill=\"none\" height=\"24\" stroke=\"currentColor\" stroke-linecap=\"round\" stroke-linejoin=\"round\" stroke-width=\"2\" viewBox=\"0 0 24 24\" width=\"24\" xmlns=\"http:\/\/www.w3.org\/2000\/svg\">\n  <path d=\"M15.05 5A5 5 0 0 1 19 8.95M15.05 1A9 9 0 0 1 23 8.94m-1 7.98v3a2 2 0 0 1-2.18 2 19.79 19.79 0 0 1-8.63-3.07 19.5 19.5 0 0 1-6-6 19.79 19.79 0 0 1-3.07-8.67A2 2 0 0 1 4.11 2h3a2 2 0 0 1 2 1.72 12.84 12.84 0 0 0 .7 2.81 2 2 0 0 1-.45 2.11L8.09 9.91a16 16 0 0 0 6 6l1.27-1.27a2 2 0 0 1 2.11-.45 12.84 12.84 0 0 0 2.81.7A2 2 0 0 1 22 16.92z\"\/>\n<\/svg>                                    <a href=\"tel:538 967 781\" class=\"cta-contact__department-link\">\n                                        538 967 781\n                                    <\/a>\n                                <\/div>\n                                                                                        <div class=\"cta-contact__department-el\">\n                                    <svg class=\"cta-contact__department-email\" fill=\"currentColor\" height=\"512\" viewBox=\"0 0 512 512\" width=\"512\" xmlns=\"http:\/\/www.w3.org\/2000\/svg\">\n  <path d=\"M256 64C150 64 64 150 64 256s86 192 192 192 192-86 192-192S362 64 256 64Z\" style=\"fill:none;stroke:#000;stroke-miterlimit:10;stroke-width:32px\"\/>\n  <path style=\"fill:none;stroke:#000;stroke-linecap:round;stroke-linejoin:round;stroke-width:32px\" d=\"M256 128v144h96\"\/>\n<\/svg>                                    <a href=\"mailto::tomasz.szoldrowski@wanicki.pl\" class=\"cta-contact__department-link\">\n                                        tomasz.szoldrowski@wanicki.pl\n                                    <\/a>\n                                <\/div>\n                                                    <\/div>\n                                            <div class=\"cta-contact__department\">\n                                                                                        <h4 class=\"cta-contact__department-title\">\n                                    Rafa\u0142 Fitzner\n                                <\/h4>\n                                                                                        <div class=\"cta-contact__department-el\">\n                                    <svg class=\"cta-contact__department-phone\" class=\"feather feather-phone-call\" fill=\"none\" height=\"24\" stroke=\"currentColor\" stroke-linecap=\"round\" stroke-linejoin=\"round\" stroke-width=\"2\" viewBox=\"0 0 24 24\" width=\"24\" xmlns=\"http:\/\/www.w3.org\/2000\/svg\">\n  <path d=\"M15.05 5A5 5 0 0 1 19 8.95M15.05 1A9 9 0 0 1 23 8.94m-1 7.98v3a2 2 0 0 1-2.18 2 19.79 19.79 0 0 1-8.63-3.07 19.5 19.5 0 0 1-6-6 19.79 19.79 0 0 1-3.07-8.67A2 2 0 0 1 4.11 2h3a2 2 0 0 1 2 1.72 12.84 12.84 0 0 0 .7 2.81 2 2 0 0 1-.45 2.11L8.09 9.91a16 16 0 0 0 6 6l1.27-1.27a2 2 0 0 1 2.11-.45 12.84 12.84 0 0 0 2.81.7A2 2 0 0 1 22 16.92z\"\/>\n<\/svg>                                    <a href=\"tel:697 762 170\" class=\"cta-contact__department-link\">\n                                        697 762 170\n                                    <\/a>\n                                <\/div>\n                                                                                        <div class=\"cta-contact__department-el\">\n                                    <svg class=\"cta-contact__department-email\" fill=\"currentColor\" height=\"512\" viewBox=\"0 0 512 512\" width=\"512\" xmlns=\"http:\/\/www.w3.org\/2000\/svg\">\n  <path d=\"M256 64C150 64 64 150 64 256s86 192 192 192 192-86 192-192S362 64 256 64Z\" style=\"fill:none;stroke:#000;stroke-miterlimit:10;stroke-width:32px\"\/>\n  <path style=\"fill:none;stroke:#000;stroke-linecap:round;stroke-linejoin:round;stroke-width:32px\" d=\"M256 128v144h96\"\/>\n<\/svg>                                    <a href=\"mailto::rafal.fitzner@wanicki.pl\" class=\"cta-contact__department-link\">\n                                        rafal.fitzner@wanicki.pl\n                                    <\/a>\n                                <\/div>\n                                                    <\/div>\n                                            <div class=\"cta-contact__department\">\n                                                                                        <h4 class=\"cta-contact__department-title\">\n                                    Kamil Skipio\u0142\n                                <\/h4>\n                                                                                        <div class=\"cta-contact__department-el\">\n                                    <svg class=\"cta-contact__department-phone\" class=\"feather feather-phone-call\" fill=\"none\" height=\"24\" stroke=\"currentColor\" stroke-linecap=\"round\" stroke-linejoin=\"round\" stroke-width=\"2\" viewBox=\"0 0 24 24\" width=\"24\" xmlns=\"http:\/\/www.w3.org\/2000\/svg\">\n  <path d=\"M15.05 5A5 5 0 0 1 19 8.95M15.05 1A9 9 0 0 1 23 8.94m-1 7.98v3a2 2 0 0 1-2.18 2 19.79 19.79 0 0 1-8.63-3.07 19.5 19.5 0 0 1-6-6 19.79 19.79 0 0 1-3.07-8.67A2 2 0 0 1 4.11 2h3a2 2 0 0 1 2 1.72 12.84 12.84 0 0 0 .7 2.81 2 2 0 0 1-.45 2.11L8.09 9.91a16 16 0 0 0 6 6l1.27-1.27a2 2 0 0 1 2.11-.45 12.84 12.84 0 0 0 2.81.7A2 2 0 0 1 22 16.92z\"\/>\n<\/svg>                                    <a href=\"tel:724 652 470\" class=\"cta-contact__department-link\">\n                                        724 652 470\n                                    <\/a>\n                                <\/div>\n                                                                                        <div class=\"cta-contact__department-el\">\n                                    <svg class=\"cta-contact__department-email\" fill=\"currentColor\" height=\"512\" viewBox=\"0 0 512 512\" width=\"512\" xmlns=\"http:\/\/www.w3.org\/2000\/svg\">\n  <path d=\"M256 64C150 64 64 150 64 256s86 192 192 192 192-86 192-192S362 64 256 64Z\" style=\"fill:none;stroke:#000;stroke-miterlimit:10;stroke-width:32px\"\/>\n  <path style=\"fill:none;stroke:#000;stroke-linecap:round;stroke-linejoin:round;stroke-width:32px\" d=\"M256 128v144h96\"\/>\n<\/svg>                                    <a href=\"mailto::kamil.skipiol@wanicki.pl\" class=\"cta-contact__department-link\">\n                                        kamil.skipiol@wanicki.pl\n                                    <\/a>\n                                <\/div>\n                                                    <\/div>\n                                            <div class=\"cta-contact__department\">\n                                                                                        <h4 class=\"cta-contact__department-title\">\n                                    Tomasz Jurkiewicz\n                                <\/h4>\n                                                                                        <div class=\"cta-contact__department-el\">\n                                    <svg class=\"cta-contact__department-phone\" class=\"feather feather-phone-call\" fill=\"none\" height=\"24\" stroke=\"currentColor\" stroke-linecap=\"round\" stroke-linejoin=\"round\" stroke-width=\"2\" viewBox=\"0 0 24 24\" width=\"24\" xmlns=\"http:\/\/www.w3.org\/2000\/svg\">\n  <path d=\"M15.05 5A5 5 0 0 1 19 8.95M15.05 1A9 9 0 0 1 23 8.94m-1 7.98v3a2 2 0 0 1-2.18 2 19.79 19.79 0 0 1-8.63-3.07 19.5 19.5 0 0 1-6-6 19.79 19.79 0 0 1-3.07-8.67A2 2 0 0 1 4.11 2h3a2 2 0 0 1 2 1.72 12.84 12.84 0 0 0 .7 2.81 2 2 0 0 1-.45 2.11L8.09 9.91a16 16 0 0 0 6 6l1.27-1.27a2 2 0 0 1 2.11-.45 12.84 12.84 0 0 0 2.81.7A2 2 0 0 1 22 16.92z\"\/>\n<\/svg>                                    <a href=\"tel:785 762 399\" class=\"cta-contact__department-link\">\n                                        785 762 399\n                                    <\/a>\n                                <\/div>\n                                                                                        <div class=\"cta-contact__department-el\">\n                                    <svg class=\"cta-contact__department-email\" fill=\"currentColor\" height=\"512\" viewBox=\"0 0 512 512\" width=\"512\" xmlns=\"http:\/\/www.w3.org\/2000\/svg\">\n  <path d=\"M256 64C150 64 64 150 64 256s86 192 192 192 192-86 192-192S362 64 256 64Z\" style=\"fill:none;stroke:#000;stroke-miterlimit:10;stroke-width:32px\"\/>\n  <path style=\"fill:none;stroke:#000;stroke-linecap:round;stroke-linejoin:round;stroke-width:32px\" d=\"M256 128v144h96\"\/>\n<\/svg>                                    <a href=\"mailto::tomasz.jurkiewicz@wanicki.pl\" class=\"cta-contact__department-link\">\n                                        tomasz.jurkiewicz@wanicki.pl\n                                    <\/a>\n                                <\/div>\n                                                    <\/div>\n                                            <div class=\"cta-contact__department\">\n                                                                                        <h4 class=\"cta-contact__department-title\">\n                                    Leszek Dec\n                                <\/h4>\n                                                                                        <div class=\"cta-contact__department-el\">\n                                    <svg class=\"cta-contact__department-phone\" class=\"feather feather-phone-call\" fill=\"none\" height=\"24\" stroke=\"currentColor\" stroke-linecap=\"round\" stroke-linejoin=\"round\" stroke-width=\"2\" viewBox=\"0 0 24 24\" width=\"24\" xmlns=\"http:\/\/www.w3.org\/2000\/svg\">\n  <path d=\"M15.05 5A5 5 0 0 1 19 8.95M15.05 1A9 9 0 0 1 23 8.94m-1 7.98v3a2 2 0 0 1-2.18 2 19.79 19.79 0 0 1-8.63-3.07 19.5 19.5 0 0 1-6-6 19.79 19.79 0 0 1-3.07-8.67A2 2 0 0 1 4.11 2h3a2 2 0 0 1 2 1.72 12.84 12.84 0 0 0 .7 2.81 2 2 0 0 1-.45 2.11L8.09 9.91a16 16 0 0 0 6 6l1.27-1.27a2 2 0 0 1 2.11-.45 12.84 12.84 0 0 0 2.81.7A2 2 0 0 1 22 16.92z\"\/>\n<\/svg>                                    <a href=\"tel:603 670 839\" class=\"cta-contact__department-link\">\n                                        603 670 839\n                                    <\/a>\n                                <\/div>\n                                                                                        <div class=\"cta-contact__department-el\">\n                                    <svg class=\"cta-contact__department-email\" fill=\"currentColor\" height=\"512\" viewBox=\"0 0 512 512\" width=\"512\" xmlns=\"http:\/\/www.w3.org\/2000\/svg\">\n  <path d=\"M256 64C150 64 64 150 64 256s86 192 192 192 192-86 192-192S362 64 256 64Z\" style=\"fill:none;stroke:#000;stroke-miterlimit:10;stroke-width:32px\"\/>\n  <path style=\"fill:none;stroke:#000;stroke-linecap:round;stroke-linejoin:round;stroke-width:32px\" d=\"M256 128v144h96\"\/>\n<\/svg>                                    <a href=\"mailto::leszek.dec@wanicki.pl\" class=\"cta-contact__department-link\">\n                                        leszek.dec@wanicki.pl\n                                    <\/a>\n                                <\/div>\n                                                    <\/div>\n                                    <\/div>\n                                <\/div>\n    <\/div>\n<\/div>\n\n\n<div class=\"wp-block-wanicki-job-form job-form__container\" id=\"\">\n    <div class=\"container job-form\">\n        <div class=\"job-form__info\">\n            <h2 class=\"job-form__info-title\">Jeste\u015b zainteresowany technologiami rolnictwa precyzyjnego?<\/h2>\n                    <p class=\"job-form__info-text\">\n                Skontaktuj si\u0119 z nami! Pomo\u017cemy w doborze idealnego rozwi\u0105zania do Twojego gospodarstwa!\n            <\/p>\n        <\/div>\n        <div class=\"job-form__form\">\n            \n<div class=\"wpcf7 no-js\" id=\"wpcf7-f2075-o1\" lang=\"pl-PL\" dir=\"ltr\" data-wpcf7-id=\"2075\">\n<div class=\"screen-reader-response\"><p role=\"status\" aria-live=\"polite\" aria-atomic=\"true\"><\/p> <ul><\/ul><\/div>\n<form action=\"\/monosem\/wp-json\/wp\/v2\/pages\/1845#wpcf7-f2075-o1\" method=\"post\" class=\"wpcf7-form init\" aria-label=\"Formularz kontaktowy\" novalidate=\"novalidate\" data-status=\"init\">\n<fieldset class=\"hidden-fields-container\"><input type=\"hidden\" name=\"_wpcf7\" value=\"2075\" \/><input type=\"hidden\" name=\"_wpcf7_version\" value=\"6.1.5\" \/><input type=\"hidden\" name=\"_wpcf7_locale\" value=\"pl_PL\" \/><input type=\"hidden\" name=\"_wpcf7_unit_tag\" value=\"wpcf7-f2075-o1\" \/><input type=\"hidden\" name=\"_wpcf7_container_post\" value=\"0\" \/><input type=\"hidden\" name=\"_wpcf7_posted_data_hash\" value=\"\" \/><input type=\"hidden\" name=\"_wpcf7_recaptcha_response\" value=\"\" \/>\n<\/fieldset>\n<div class=\"form-columns\">\n\t<p><label><span class=\"form-label\">Imi\u0119 i Nazwisko<\/span><span class=\"wpcf7-form-control-wrap\" data-name=\"your-name\"><input size=\"40\" maxlength=\"400\" class=\"wpcf7-form-control wpcf7-text wpcf7-validates-as-required\" aria-required=\"true\" aria-invalid=\"false\" value=\"\" type=\"text\" name=\"your-name\" \/><\/span><\/label><br \/>\n<label><span class=\"form-label\">Email*<\/span><span class=\"wpcf7-form-control-wrap\" data-name=\"your-email\"><input size=\"40\" maxlength=\"400\" class=\"wpcf7-form-control wpcf7-email wpcf7-validates-as-required wpcf7-text wpcf7-validates-as-email\" aria-required=\"true\" aria-invalid=\"false\" value=\"\" type=\"email\" name=\"your-email\" \/><\/span><\/label>\n\t<\/p>\n<\/div>\n<div class=\"form-columns\">\n\t<p><label><span class=\"form-label\">Numer telefonu*<\/span><span class=\"wpcf7-form-control-wrap\" data-name=\"your-phone\"><input size=\"40\" maxlength=\"400\" class=\"wpcf7-form-control wpcf7-tel wpcf7-validates-as-required wpcf7-text wpcf7-validates-as-tel\" aria-required=\"true\" aria-invalid=\"false\" value=\"\" type=\"tel\" name=\"your-phone\" \/><\/span><\/label><br \/>\n<label><span class=\"form-label\">Kod pocztowy*<\/span><span class=\"wpcf7-form-control-wrap\" data-name=\"your-postcode\"><input size=\"40\" maxlength=\"400\" class=\"wpcf7-form-control wpcf7-text wpcf7-validates-as-required\" aria-required=\"true\" aria-invalid=\"false\" value=\"\" type=\"text\" name=\"your-postcode\" \/><\/span><\/label>\n\t<\/p>\n<\/div>\n<div class=\"checkbox-input\" style=\"font-size: 0.75em\">\n\t<p><span class=\"wpcf7-form-control-wrap\" data-name=\"your-acceptance\"><span class=\"wpcf7-form-control wpcf7-acceptance\"><span class=\"wpcf7-list-item\"><input type=\"checkbox\" name=\"your-acceptance\" value=\"1\" aria-invalid=\"false\" \/><\/span><\/span><\/span>\n\t<\/p>\n\t<div>\n\t\t<p>*O\u015bwiadczam, \u017ce zapozna\u0142em si\u0119 z <a href='\/polityka-prywatnosci\/' target=\"_blank\">Polityk\u0105 prywatno\u015bci oraz Regulaminem \u015bwiadczenia us\u0142ug drog\u0105 elektroniczn\u0105<\/a> i akceptuj\u0119 ich tre\u015b\u0107.\n\t\t<\/p>\n\t<\/div>\n<\/div>\n<div class=\"checkbox-input\" style=\"font-size: 0.75em\">\n\t<p><span class=\"wpcf7-form-control-wrap\" data-name=\"your-acceptance-info\"><span class=\"wpcf7-form-control wpcf7-acceptance optional\"><span class=\"wpcf7-list-item\"><input type=\"checkbox\" name=\"your-acceptance-info\" value=\"1\" aria-invalid=\"false\" \/><\/span><\/span><\/span>\n\t<\/p>\n\t<div>\n\t\t<p>Wyra\u017cam zgod\u0119 na przesy\u0142anie informacji handlowej skierowanej za pomoc\u0105 \u015brodk\u00f3w komunikacji elektronicznej oraz na u\u017cywanie telekomunikacyjnych urz\u0105dze\u0144 ko\u0144cowych i automatycznych system\u00f3w wywo\u0142uj\u0105cych dla cel\u00f3w marketingu bezpo\u015bredniego przez Grup\u0119 Wanicki*\n\t\t<\/p>\n\t<\/div>\n<\/div>\n<div style=\"font-size: 0.75em\">\n\t<p>Zgoda obejmuje kontakt za po\u015brednictwem:\n\t<\/p>\n<\/div>\n<div class=\"checkbox-input\" style=\"font-size: 0.75em\">\n\t<p><span class=\"wpcf7-form-control-wrap\" data-name=\"your-acceptance-email\"><span class=\"wpcf7-form-control wpcf7-acceptance optional\"><span class=\"wpcf7-list-item\"><input type=\"checkbox\" name=\"your-acceptance-email\" value=\"1\" aria-invalid=\"false\" \/><\/span><\/span><\/span>\n\t<\/p>\n\t<div>\n\t\t<p>E-mail\n\t\t<\/p>\n\t<\/div>\n<\/div>\n<div class=\"checkbox-input\" style=\"font-size: 0.75em\">\n\t<p><span class=\"wpcf7-form-control-wrap\" data-name=\"your-acceptance-sms\"><span class=\"wpcf7-form-control wpcf7-acceptance optional\"><span class=\"wpcf7-list-item\"><input type=\"checkbox\" name=\"your-acceptance-sms\" value=\"1\" aria-invalid=\"false\" \/><\/span><\/span><\/span>\n\t<\/p>\n\t<div>\n\t\t<p>SMS\n\t\t<\/p>\n\t<\/div>\n<\/div>\n<div class=\"checkbox-input\" style=\"font-size: 0.75em\">\n\t<p><span class=\"wpcf7-form-control-wrap\" data-name=\"your-acceptance-tel\"><span class=\"wpcf7-form-control wpcf7-acceptance optional\"><span class=\"wpcf7-list-item\"><input type=\"checkbox\" name=\"your-acceptance-tel\" value=\"1\" aria-invalid=\"false\" \/><\/span><\/span><\/span>\n\t<\/p>\n\t<div>\n\t\t<p>Kontakt telefoniczny\n\t\t<\/p>\n\t<\/div>\n<\/div>\n<div style=\"font-size: 0.75em\">\n\t<p>*przez Grup\u0119 Wanicki rozumie si\u0119 nast\u0119puj\u0105ce sp\u00f3\u0142ki: Firma Wanicki sp. z o.o. z siedzib\u0105 w Mogilanach, ul. My\u015blenicka 19, 32-031 Mogilany, KRS: 0000214618; Wanicki Serwis sp. z o.o. z siedzib\u0105 w Mogilanach, ul. My\u015blenicka 19, 32.-031 Mogilany, KRS: 0000225703, MW Wanicki sp. z o.o. z siedzib\u0105 w Mogilanach, ul. My\u015blenicka 19, 32.-031 Mogilany, KRS: 0000290954; BW Wanicki sp. z o.o. z siedzib\u0105 w Mogilanach, ul. My\u015blenicka 19, 32.-031 Mogilany, KRS: 0000277732; SW Wanicki sp. z o.o. z siedzib\u0105 w Mogilanach, ul. My\u015blenicka 19, 32.-031 Mogilany, KRS: 0000318232; Nedpol Truck Service sp. z o.o. z siedzib\u0105 w Romanowie, Roman\u00f3w 10b, 42-260 Roman\u00f3w, KRS: 0000062292; WW Wanicki sp. z o.o. z siedzib\u0105 w Trzcianie, Trzciana 162, 36-071 Trzciana, KRS: 0000214811; PT Wanicki sp. z o.o. z siedzib\u0105 w Mogilanach, ul. My\u015blenicka 19, 32.-031 Mogilany, KRS: 0001069064; Wanicki Rental sp. z o.o. z siedzib\u0105 w Mogilanach, ul. My\u015blenicka 19, 32.-031 Mogilany, KRS: 0000997992.\n\t<\/p>\n<\/div>\n<p><input class=\"wpcf7-form-control wpcf7-submit has-spinner\" type=\"submit\" value=\"Prosz\u0119 o kontakt\" \/>\n<\/p><div class=\"wpcf7-response-output\" aria-hidden=\"true\"><\/div>\n<\/form>\n<\/div>\n        <\/div>\n    <\/div>\n<\/div>\n","protected":false},"excerpt":{"rendered":"","protected":false},"author":1,"featured_media":0,"parent":0,"menu_order":0,"comment_status":"closed","ping_status":"closed","template":"","meta":{"_acf_changed":false,"footnotes":""},"class_list":["post-1845","page","type-page","status-publish","hentry"],"acf":[],"_links":{"self":[{"href":"https:\/\/dev.wanicki.pl\/monosem\/wp-json\/wp\/v2\/pages\/1845","targetHints":{"allow":["GET"]}}],"collection":[{"href":"https:\/\/dev.wanicki.pl\/monosem\/wp-json\/wp\/v2\/pages"}],"about":[{"href":"https:\/\/dev.wanicki.pl\/monosem\/wp-json\/wp\/v2\/types\/page"}],"author":[{"embeddable":true,"href":"https:\/\/dev.wanicki.pl\/monosem\/wp-json\/wp\/v2\/users\/1"}],"replies":[{"embeddable":true,"href":"https:\/\/dev.wanicki.pl\/monosem\/wp-json\/wp\/v2\/comments?post=1845"}],"version-history":[{"count":11,"href":"https:\/\/dev.wanicki.pl\/monosem\/wp-json\/wp\/v2\/pages\/1845\/revisions"}],"predecessor-version":[{"id":2175,"href":"https:\/\/dev.wanicki.pl\/monosem\/wp-json\/wp\/v2\/pages\/1845\/revisions\/2175"}],"wp:attachment":[{"href":"https:\/\/dev.wanicki.pl\/monosem\/wp-json\/wp\/v2\/media?parent=1845"}],"curies":[{"name":"wp","href":"https:\/\/api.w.org\/{rel}","templated":true}]}}