{"id":1836,"date":"2024-06-18T11:08:45","date_gmt":"2024-06-18T09:08:45","guid":{"rendered":"https:\/\/wanicki.pl\/monosem\/?page_id=1836"},"modified":"2024-12-14T14:20:27","modified_gmt":"2024-12-14T13:20:27","slug":"finansowanie","status":"publish","type":"page","link":"https:\/\/dev.wanicki.pl\/monosem\/finansowanie\/","title":{"rendered":"Finansowanie"},"content":{"rendered":"<div class=\"wp-block-wanicki-page-hero-header page-hero-header\">\n    <div class=\"page-hero-header__image page-hero-header__image--desktop\"\n          style=\"background-image: url(https:\/\/dev.wanicki.pl\/monosem\/wp-content\/uploads\/sites\/19\/2024\/06\/FertiAvant-2-1.jpg)\" ><\/div>\n    <div class=\"page-hero-header__image page-hero-header__image--mobile\"\n          style=\"background-image: url(https:\/\/dev.wanicki.pl\/monosem\/wp-content\/uploads\/sites\/19\/2024\/06\/FertiAvant-2-1.jpg)\"\n            >\n    <\/div>\n    <div class=\"page-hero-header__container container\">\n        <h1 class=\"page-hero-header__title\"><strong>FINANSOWANIE ZAKUPU MASZYN MONOSEM<\/strong><\/h1>\n                    <div class=\"page-hero-header__subtitle\"><p>Spe\u0142nienie marze\u0144 o nowoczesnej maszynie rolniczej jest teraz bli\u017csze ni\u017c kiedykolwiek! Oferujemy  szeroki wachlarz rozwi\u0105za\u0144 finansowania, kt\u00f3re dopasujemy do Twoich indywidualnych potrzeb i mo\u017cliwo\u015bci.<\/p>\n<\/div>\n                    <\/div>\n<\/div>\n\n\n<div class=\"wp-block-wanicki-image-with-text image-with-text  image-with-text--reversed \">\n\n    <div class=\"image-with-text__image\">\n                    <div class=\"image-with-text__image-photo\"\n                 style=\"background-image: url(https:\/\/dev.wanicki.pl\/monosem\/wp-content\/uploads\/sites\/19\/2024\/06\/Z620170-1.jpg)\"><\/div>\n            <\/div>\n\n    <div class=\"image-with-text__info  image-with-text__info--reversed  \">\n                    <div class=\"image-with-text__info-title-wrapper\">\n                <h2 class=\"image-with-text__info-title image-with-text__info-title--big\">Dlaczego warto skorzysta\u0107 z finansowania maszyn w Wanicki?<\/h2>\n                                    <\/div>\n                            <div class=\"image-with-text__info-text\">\n                <ul>\n<li><strong>Szeroki wyb\u00f3r produkt\u00f3w finansowych<\/strong> &#8211; u nas znajdziesz rozwi\u0105zanie idealne dla siebie.<\/li>\n<li><strong>Atrakcyjne warunki finansowania<\/strong> &#8211; korzystne warunki<\/li>\n<li><strong>Szybka i sprawna obs\u0142uga<\/strong> &#8211; nasi specjali\u015bci pomog\u0105 Ci w dope\u0142nieniu formalno\u015bci i dobior\u0105 najlepsz\u0105 ofert\u0119.<\/li>\n<li><strong>Indywidualne podej\u015bcie<\/strong> &#8211; do ka\u017cdego Klienta podchodzimy z nale\u017cyt\u0105 staranno\u015bci\u0105 i uwzgl\u0119dniamy jego specyficzne potrzeby.<\/li>\n<li><strong>Mo\u017cliwo\u015b\u0107 skorzystania z dodatkowych us\u0142ug<\/strong> &#8211; ubezpieczenie maszyn, serwis, doradztwo techniczne.<\/li>\n<\/ul>\n\n            <\/div>\n                        \n    <\/div>\n\n<\/div>\n\n\n\n<div style=\"height:100px\" aria-hidden=\"true\" class=\"wp-block-spacer\"><\/div>\n\n\n\n<h2 class=\"wp-block-heading has-text-align-center\">AKTUALNE programy finansowania<\/h2>\n\n\n\n<figure class=\"wp-block-image aligncenter size-large is-resized\"><a href=\"https:\/\/dev.wanicki.pl\/monosem\/2024\/07\/30\/skorzystaj-z-atrakcyjnego-finansowania-4-lat-0-na-siewniki-monosem\/\"><img loading=\"lazy\" decoding=\"async\" width=\"1024\" height=\"1024\" src=\"https:\/\/dev.wanicki.pl\/monosem\/wp-content\/uploads\/sites\/19\/2024\/07\/monosem-oferta-2-1024x1024.png\" alt=\"\" class=\"wp-image-2110\" style=\"width:426px;height:auto\" srcset=\"https:\/\/dev.wanicki.pl\/monosem\/wp-content\/uploads\/sites\/19\/2024\/07\/monosem-oferta-2-1024x1024.png 1024w, https:\/\/dev.wanicki.pl\/monosem\/wp-content\/uploads\/sites\/19\/2024\/07\/monosem-oferta-2-300x300.png 300w, https:\/\/dev.wanicki.pl\/monosem\/wp-content\/uploads\/sites\/19\/2024\/07\/monosem-oferta-2-150x150.png 150w, https:\/\/dev.wanicki.pl\/monosem\/wp-content\/uploads\/sites\/19\/2024\/07\/monosem-oferta-2-768x768.png 768w, https:\/\/dev.wanicki.pl\/monosem\/wp-content\/uploads\/sites\/19\/2024\/07\/monosem-oferta-2-1536x1536.png 1536w, https:\/\/dev.wanicki.pl\/monosem\/wp-content\/uploads\/sites\/19\/2024\/07\/monosem-oferta-2.png 2000w\" sizes=\"auto, (max-width: 1024px) 100vw, 1024px\" \/><\/a><\/figure>\n\n\n<div class=\"wp-block-wanicki-job-form job-form__container\" id=\"\">\n    <div class=\"container job-form\">\n        <div class=\"job-form__info\">\n            <h2 class=\"job-form__info-title\">Jeste\u015b zainteresowany ofert\u0105 finansowania?<\/h2>\n                    <p class=\"job-form__info-text\">\n                Skontaktuj si\u0119 z nami!\n            <\/p>\n        <\/div>\n        <div class=\"job-form__form\">\n            \n<div class=\"wpcf7 no-js\" id=\"wpcf7-f1841-o1\" lang=\"pl-PL\" dir=\"ltr\" data-wpcf7-id=\"1841\">\n<div class=\"screen-reader-response\"><p role=\"status\" aria-live=\"polite\" aria-atomic=\"true\"><\/p> <ul><\/ul><\/div>\n<form action=\"\/monosem\/wp-json\/wp\/v2\/pages\/1836#wpcf7-f1841-o1\" method=\"post\" class=\"wpcf7-form init\" aria-label=\"Formularz kontaktowy\" novalidate=\"novalidate\" data-status=\"init\">\n<fieldset class=\"hidden-fields-container\"><input type=\"hidden\" name=\"_wpcf7\" value=\"1841\" \/><input type=\"hidden\" name=\"_wpcf7_version\" value=\"6.1.5\" \/><input type=\"hidden\" name=\"_wpcf7_locale\" value=\"pl_PL\" \/><input type=\"hidden\" name=\"_wpcf7_unit_tag\" value=\"wpcf7-f1841-o1\" \/><input type=\"hidden\" name=\"_wpcf7_container_post\" value=\"0\" \/><input type=\"hidden\" name=\"_wpcf7_posted_data_hash\" value=\"\" \/><input type=\"hidden\" name=\"_wpcf7_recaptcha_response\" value=\"\" \/>\n<\/fieldset>\n<div class=\"form-columns\">\n\t<p><label><span class=\"form-label\">Imi\u0119*<\/span><span class=\"wpcf7-form-control-wrap\" data-name=\"your-name\"><input size=\"40\" maxlength=\"400\" class=\"wpcf7-form-control wpcf7-text wpcf7-validates-as-required\" aria-required=\"true\" aria-invalid=\"false\" value=\"\" type=\"text\" name=\"your-name\" \/><\/span><\/label><br \/>\n<label><span class=\"form-label\">Nazwisko*<\/span><span class=\"wpcf7-form-control-wrap\" data-name=\"your-surname\"><input size=\"40\" maxlength=\"400\" class=\"wpcf7-form-control wpcf7-text wpcf7-validates-as-required\" aria-required=\"true\" aria-invalid=\"false\" value=\"\" type=\"text\" name=\"your-surname\" \/><\/span><\/label>\n\t<\/p>\n<\/div>\n<div class=\"form-columns\">\n\t<p><label><span class=\"form-label\">Email*<\/span><span class=\"wpcf7-form-control-wrap\" data-name=\"your-email\"><input size=\"40\" maxlength=\"400\" class=\"wpcf7-form-control wpcf7-email wpcf7-validates-as-required wpcf7-text wpcf7-validates-as-email\" aria-required=\"true\" aria-invalid=\"false\" value=\"\" type=\"email\" name=\"your-email\" \/><\/span><\/label><br \/>\n<label><span class=\"form-label\">Numer telefonu*<\/span><span class=\"wpcf7-form-control-wrap\" data-name=\"your-phone\"><input size=\"40\" maxlength=\"400\" class=\"wpcf7-form-control wpcf7-tel wpcf7-validates-as-required wpcf7-text wpcf7-validates-as-tel\" aria-required=\"true\" aria-invalid=\"false\" value=\"\" type=\"tel\" name=\"your-phone\" \/><\/span><\/label>\n\t<\/p>\n<\/div>\n<div class=\"form-columns\">\n\t<p><label><span class=\"form-label\">Najbli\u017cszy oddzia\u0142<\/span><span class=\"wpcf7-form-control-wrap\" data-name=\"your-recipient\"><select class=\"wpcf7-form-control wpcf7-select qty qty--select select-input\" aria-invalid=\"false\" name=\"your-recipient\"><option value=\"Re\u0144ska\">Re\u0144ska<\/option><option value=\"Kielce\">Kielce<\/option><option value=\"Wolb\u00f3rz\">Wolb\u00f3rz<\/option><option value=\"Kutno\">Kutno<\/option><option value=\"Bramki\">Bramki<\/option><option value=\"Gr\u00f3jec\">Gr\u00f3jec<\/option><option value=\"D\u0105browa Tarnowska\">D\u0105browa Tarnowska<\/option><option value=\"Jaros\u0142aw\">Jaros\u0142aw<\/option><option value=\"Pu\u0142ankowice\">Pu\u0142ankowice<\/option><option value=\"Sitaniec\">Sitaniec<\/option><option value=\"Wola Piasecka\">Wola Piasecka<\/option><\/select><\/span><br \/>\n<\/label><br \/>\n<label><span class=\"form-label\">Kod pocztowy*<\/span><span class=\"wpcf7-form-control-wrap\" data-name=\"your-postcode\"><input size=\"40\" maxlength=\"400\" class=\"wpcf7-form-control wpcf7-text wpcf7-validates-as-required\" aria-required=\"true\" aria-invalid=\"false\" value=\"\" type=\"text\" name=\"your-postcode\" \/><\/span><\/label>\n\t<\/p>\n<\/div>\n<div class=\"checkbox-input\" style=\"font-size: 0.75em\">\n\t<p><span class=\"wpcf7-form-control-wrap\" data-name=\"your-acceptance\"><span class=\"wpcf7-form-control wpcf7-acceptance\"><span class=\"wpcf7-list-item\"><input type=\"checkbox\" name=\"your-acceptance\" value=\"1\" aria-invalid=\"false\" \/><\/span><\/span><\/span>\n\t<\/p>\n\t<div>\n\t\t<p>*O\u015bwiadczam, \u017ce zapozna\u0142em si\u0119 z <a href='\/polityka-prywatnosci\/' target=\"_blank\">Polityk\u0105 prywatno\u015bci oraz Regulaminem \u015bwiadczenia us\u0142ug drog\u0105 elektroniczn\u0105<\/a> i akceptuj\u0119 ich tre\u015b\u0107.\n\t\t<\/p>\n\t<\/div>\n<\/div>\n<div class=\"checkbox-input\" style=\"font-size: 0.75em\">\n\t<p><span class=\"wpcf7-form-control-wrap\" data-name=\"your-acceptance-info\"><span class=\"wpcf7-form-control wpcf7-acceptance optional\"><span class=\"wpcf7-list-item\"><input type=\"checkbox\" name=\"your-acceptance-info\" value=\"1\" aria-invalid=\"false\" \/><\/span><\/span><\/span>\n\t<\/p>\n\t<div>\n\t\t<p>Wyra\u017cam zgod\u0119 na przesy\u0142anie informacji handlowej skierowanej za pomoc\u0105 \u015brodk\u00f3w komunikacji elektronicznej oraz na u\u017cywanie telekomunikacyjnych urz\u0105dze\u0144 ko\u0144cowych i automatycznych system\u00f3w wywo\u0142uj\u0105cych dla cel\u00f3w marketingu bezpo\u015bredniego przez Grup\u0119 Wanicki*\n\t\t<\/p>\n\t<\/div>\n<\/div>\n<div style=\"font-size: 0.75em\">\n\t<p>Zgoda obejmuje kontakt za po\u015brednictwem:\n\t<\/p>\n<\/div>\n<div class=\"checkbox-input\" style=\"font-size: 0.75em\">\n\t<p><span class=\"wpcf7-form-control-wrap\" data-name=\"your-acceptance-email\"><span class=\"wpcf7-form-control wpcf7-acceptance optional\"><span class=\"wpcf7-list-item\"><input type=\"checkbox\" name=\"your-acceptance-email\" value=\"1\" aria-invalid=\"false\" \/><\/span><\/span><\/span>\n\t<\/p>\n\t<div>\n\t\t<p>E-mail\n\t\t<\/p>\n\t<\/div>\n<\/div>\n<div class=\"checkbox-input\" style=\"font-size: 0.75em\">\n\t<p><span class=\"wpcf7-form-control-wrap\" data-name=\"your-acceptance-sms\"><span class=\"wpcf7-form-control wpcf7-acceptance optional\"><span class=\"wpcf7-list-item\"><input type=\"checkbox\" name=\"your-acceptance-sms\" value=\"1\" aria-invalid=\"false\" \/><\/span><\/span><\/span>\n\t<\/p>\n\t<div>\n\t\t<p>SMS\n\t\t<\/p>\n\t<\/div>\n<\/div>\n<div class=\"checkbox-input\" style=\"font-size: 0.75em\">\n\t<p><span class=\"wpcf7-form-control-wrap\" data-name=\"your-acceptance-tel\"><span class=\"wpcf7-form-control wpcf7-acceptance optional\"><span class=\"wpcf7-list-item\"><input type=\"checkbox\" name=\"your-acceptance-tel\" value=\"1\" aria-invalid=\"false\" \/><\/span><\/span><\/span>\n\t<\/p>\n\t<div>\n\t\t<p>Kontakt telefoniczny\n\t\t<\/p>\n\t<\/div>\n<\/div>\n<div style=\"font-size: 0.75em\">\n\t<p>*przez Grup\u0119 Wanicki rozumie si\u0119 nast\u0119puj\u0105ce sp\u00f3\u0142ki: Firma Wanicki sp. z o.o. z siedzib\u0105 w Mogilanach, ul. My\u015blenicka 19, 32-031 Mogilany, KRS: 0000214618; Wanicki Serwis sp. z o.o. z siedzib\u0105 w Mogilanach, ul. My\u015blenicka 19, 32.-031 Mogilany, KRS: 0000225703, MW Wanicki sp. z o.o. z siedzib\u0105 w Mogilanach, ul. My\u015blenicka 19, 32.-031 Mogilany, KRS: 0000290954; BW Wanicki sp. z o.o. z siedzib\u0105 w Mogilanach, ul. My\u015blenicka 19, 32.-031 Mogilany, KRS: 0000277732; SW Wanicki sp. z o.o. z siedzib\u0105 w Mogilanach, ul. My\u015blenicka 19, 32.-031 Mogilany, KRS: 0000318232; Nedpol Truck Service sp. z o.o. z siedzib\u0105 w Romanowie, Roman\u00f3w 10b, 42-260 Roman\u00f3w, KRS: 0000062292; WW Wanicki sp. z o.o. z siedzib\u0105 w Trzcianie, Trzciana 162, 36-071 Trzciana, KRS: 0000214811; PT Wanicki sp. z o.o. z siedzib\u0105 w Mogilanach, ul. My\u015blenicka 19, 32.-031 Mogilany, KRS: 0001069064; Wanicki Rental sp. z o.o. z siedzib\u0105 w Mogilanach, ul. My\u015blenicka 19, 32.-031 Mogilany, KRS: 0000997992.\n\t<\/p>\n<\/div>\n<p><input class=\"wpcf7-form-control wpcf7-submit has-spinner\" type=\"submit\" value=\"Prosz\u0119 o kontakt\" \/>\n<\/p><div class=\"wpcf7-response-output\" aria-hidden=\"true\"><\/div>\n<\/form>\n<\/div>\n        <\/div>\n    <\/div>\n<\/div>\n","protected":false},"excerpt":{"rendered":"<p>AKTUALNE programy finansowania<\/p>\n","protected":false},"author":1,"featured_media":0,"parent":0,"menu_order":0,"comment_status":"closed","ping_status":"closed","template":"","meta":{"_acf_changed":false,"footnotes":""},"class_list":["post-1836","page","type-page","status-publish","hentry"],"acf":[],"_links":{"self":[{"href":"https:\/\/dev.wanicki.pl\/monosem\/wp-json\/wp\/v2\/pages\/1836","targetHints":{"allow":["GET"]}}],"collection":[{"href":"https:\/\/dev.wanicki.pl\/monosem\/wp-json\/wp\/v2\/pages"}],"about":[{"href":"https:\/\/dev.wanicki.pl\/monosem\/wp-json\/wp\/v2\/types\/page"}],"author":[{"embeddable":true,"href":"https:\/\/dev.wanicki.pl\/monosem\/wp-json\/wp\/v2\/users\/1"}],"replies":[{"embeddable":true,"href":"https:\/\/dev.wanicki.pl\/monosem\/wp-json\/wp\/v2\/comments?post=1836"}],"version-history":[{"count":14,"href":"https:\/\/dev.wanicki.pl\/monosem\/wp-json\/wp\/v2\/pages\/1836\/revisions"}],"predecessor-version":[{"id":2178,"href":"https:\/\/dev.wanicki.pl\/monosem\/wp-json\/wp\/v2\/pages\/1836\/revisions\/2178"}],"wp:attachment":[{"href":"https:\/\/dev.wanicki.pl\/monosem\/wp-json\/wp\/v2\/media?parent=1836"}],"curies":[{"name":"wp","href":"https:\/\/api.w.org\/{rel}","templated":true}]}}