{"id":1800,"date":"2024-06-18T09:47:10","date_gmt":"2024-06-18T07:47:10","guid":{"rendered":"https:\/\/wanicki.pl\/monosem\/?page_id=1800"},"modified":"2025-07-03T13:56:00","modified_gmt":"2025-07-03T11:56:00","slug":"strona-glowna","status":"publish","type":"page","link":"https:\/\/dev.wanicki.pl\/monosem\/","title":{"rendered":"Strona g\u0142\u00f3wna"},"content":{"rendered":"<div class=\"wp-block-wanicki-hero-header hero-header\">\n    <div class=\"hero-header__image hero-header__image--desktop\"\n          style=\"background-image: url(https:\/\/dev.wanicki.pl\/monosem\/wp-content\/uploads\/sites\/19\/2024\/07\/baner_monosem-jasny.jpg)\" ><\/div>\n    <div class=\"hero-header__image hero-header__image--mobile\"\n          style=\"background-image: url(https:\/\/dev.wanicki.pl\/monosem\/wp-content\/uploads\/sites\/19\/2024\/07\/baner_monosem-jasny.jpg)\"\n            >\n    <\/div>\n    <div class=\"hero-header__container container\">\n        <h1 class=\"hero-header__title\">SIEWNIKI <br><strong>PRECYZYJNE<\/strong><\/h1>\n                            <a href=\"https:\/\/dev.wanicki.pl\/monosem\/oferta\/maszyny\/\"\n               class=\"btn  btn--custom \"\n                style=\"--custom-color: #1080c3\"             >Poznaj nasz\u0105 ofert\u0119!<\/a>\n            <\/div>\n<\/div>\n\n\n<div class=\"wp-block-wanicki-icon-link icon-link\">\n\n    \n    \n<\/div>\n\n\n<div class=\"wp-block-wanicki-about-cards about-cards \">\n    <div class=\"container about-cards__container\">\n        <div class=\"about-cards__info\">\n                            <h3 class=\"about-cards__info-title\">NAJLEPSZE MASZYNY DO SIEWU PRECYZYJNEGO<\/h3>\n                                                <div class=\"about-cards__info-text\"><p>Szukasz sprawdzonego rozwi\u0105zania? Wybierz kategori\u0119 i znajd\u017a sw\u00f3j model<\/p>\n<\/div>\n                        \n        <\/div>\n\n        <div class=\"about-cards__grid about-cards__desktop\">\n                                                <a href=\"#\" class=\"about-cards__item about-cards__item--link\"\n                        style=\"background-image: url(https:\/\/dev.wanicki.pl\/monosem\/wp-content\/uploads\/sites\/19\/2024\/06\/MS-1-1024x768.jpg)\"                     >\n                        <p class=\"about-cards__item-text\">\n                            SIEWNIKI\n                        <\/p>\n                    <\/a>\n                                                                <a href=\"#\" class=\"about-cards__item about-cards__item--link\"\n                        style=\"background-image: url(https:\/\/dev.wanicki.pl\/monosem\/wp-content\/uploads\/sites\/19\/2024\/06\/Multicrop-2-1024x575.jpg)\"                     >\n                        <p class=\"about-cards__item-text\">\n                            PIELNIKI\n                        <\/p>\n                    <\/a>\n                                                                <a href=\"#\" class=\"about-cards__item about-cards__item--link\"\n                        style=\"background-image: url(https:\/\/dev.wanicki.pl\/monosem\/wp-content\/uploads\/sites\/19\/2024\/06\/NGPlus_ME-2-scaled-e1718920595267-1024x850.jpg)\"                     >\n                        <p class=\"about-cards__item-text\">\n                            PODSIEWACZE\n                        <\/p>\n                    <\/a>\n                                    <\/div>\n\n        <div class=\"about-cards__mobile swiper\">\n            <div class=\"swiper-wrapper\">\n                                                            <div class=\"about-cards__grid swiper-slide\">\n                                                                                                <a href=\"#\" class=\"about-cards__item\"\n                                        style=\"background-image: url(https:\/\/dev.wanicki.pl\/monosem\/wp-content\/uploads\/sites\/19\/2024\/06\/MS-1-1024x768.jpg)\"                                     >\n                                        <div class=\"about-cards__item-text\">\n                                            SIEWNIKI\n                                        <\/div>\n                                    <\/a>\n                                                                                                                                <a href=\"#\" class=\"about-cards__item\"\n                                        style=\"background-image: url(https:\/\/dev.wanicki.pl\/monosem\/wp-content\/uploads\/sites\/19\/2024\/06\/Multicrop-2-1024x575.jpg)\"                                     >\n                                        <div class=\"about-cards__item-text\">\n                                            PIELNIKI\n                                        <\/div>\n                                    <\/a>\n                                                                                                                                <a href=\"#\" class=\"about-cards__item\"\n                                        style=\"background-image: url(https:\/\/dev.wanicki.pl\/monosem\/wp-content\/uploads\/sites\/19\/2024\/06\/NGPlus_ME-2-scaled-e1718920595267-1024x850.jpg)\"                                     >\n                                        <div class=\"about-cards__item-text\">\n                                            PODSIEWACZE\n                                        <\/div>\n                                    <\/a>\n                                                                                    <\/div>\n                                                                                                                        <\/div>\n            <div class=\"about-cards__arrows\">\n                <div class=\"about-cards__arrows-button about-cards__arrows-left\">\n                    <svg width=\"12px\" height=\"12px\" class=\"about-cards__arrows-icon\" transform=\"rotate(90)\" fill=\"currentColor\" viewBox=\"0 0 96 96\" xmlns=\"http:\/\/www.w3.org\/2000\/svg\">\n  <path d=\"M81.846 25.388a6.024 6.024 0 0 0-8.45.767L48 56.625l-25.396-30.47a5.999 5.999 0 1 0-9.211 7.689l30.001 36.001a5.997 5.997 0 0 0 9.212 0l30.001-36.002a6.008 6.008 0 0 0-.761-8.455Z\"\/>\n<\/svg>                <\/div>\n                <div class=\"about-cards__arrows-button about-cards__arrows-right\">\n                    <svg width=\"12px\" height=\"12px\" class=\"about-cards__arrows-icon\" transform=\"rotate(-90)\" fill=\"currentColor\" viewBox=\"0 0 96 96\" xmlns=\"http:\/\/www.w3.org\/2000\/svg\">\n  <path d=\"M81.846 25.388a6.024 6.024 0 0 0-8.45.767L48 56.625l-25.396-30.47a5.999 5.999 0 1 0-9.211 7.689l30.001 36.001a5.997 5.997 0 0 0 9.212 0l30.001-36.002a6.008 6.008 0 0 0-.761-8.455Z\"\/>\n<\/svg>                <\/div>\n            <\/div>\n        <\/div>\n    <\/div>\n<\/div>\n\n\n<div class=\"wp-block-wanicki-about-cards about-cards  about-cards--gray \">\n    <div class=\"container about-cards__container\">\n        <div class=\"about-cards__info\">\n                            <h3 class=\"about-cards__info-title\">US\u0141UGI DLA KLIENT\u00d3W MONOSEM<\/h3>\n                                                <div class=\"about-cards__info-text\"><p>Maszyny to za ma\u0142o? Mamy o wiele wi\u0119cej<\/p>\n<\/div>\n                                        <a href=\"#\"\n                   class=\"btn btn--primary about-cards__button\">Wi\u0119cej o firmie<\/a>\n            \n        <\/div>\n\n        <div class=\"about-cards__grid about-cards__desktop\">\n                                                <a href=\"https:\/\/dev.wanicki.pl\/monosem\/serwis\/\" class=\"about-cards__item about-cards__item--link\"\n                        style=\"background-image: url(https:\/\/dev.wanicki.pl\/monosem\/wp-content\/uploads\/sites\/19\/2024\/06\/ValoTerra-1-1024x576.jpg)\"                     >\n                        <p class=\"about-cards__item-text\">\n                            SERWIS\n                        <\/p>\n                    <\/a>\n                                                                <a href=\"https:\/\/dev.wanicki.pl\/monosem\/czesci\/\" class=\"about-cards__item about-cards__item--link\"\n                        style=\"background-image: url(https:\/\/dev.wanicki.pl\/monosem\/wp-content\/uploads\/sites\/19\/2024\/06\/P1000346-683x1024.jpg)\"                     >\n                        <p class=\"about-cards__item-text\">\n                            CZ\u0118\u015aCI\n                        <\/p>\n                    <\/a>\n                                                                <a href=\"https:\/\/dev.wanicki.pl\/monosem\/finansowanie\/\" class=\"about-cards__item about-cards__item--link\"\n                        style=\"background-image: url(https:\/\/dev.wanicki.pl\/monosem\/wp-content\/uploads\/sites\/19\/2024\/06\/FertiAvant-2-1-1024x576.jpg)\"                     >\n                        <p class=\"about-cards__item-text\">\n                            FINANSOWANIE\n                        <\/p>\n                    <\/a>\n                                                                <a href=\"https:\/\/dev.wanicki.pl\/monosem\/ubezpieczenia\/\" class=\"about-cards__item about-cards__item--link\"\n                        style=\"background-image: url(https:\/\/dev.wanicki.pl\/monosem\/wp-content\/uploads\/sites\/19\/2024\/06\/r2g047838_LSC-1024x683.webp)\"                     >\n                        <p class=\"about-cards__item-text\">\n                            UBEZPIECZENIA\n                        <\/p>\n                    <\/a>\n                                                                <a href=\"https:\/\/dev.wanicki.pl\/monosem\/rolnictwo-precyzyjne\/\" class=\"about-cards__item about-cards__item--link\"\n                        style=\"background-image: url(https:\/\/dev.wanicki.pl\/monosem\/wp-content\/uploads\/sites\/19\/2024\/06\/r2c020170_LSC-1024x683.webp)\"                     >\n                        <p class=\"about-cards__item-text\">\n                            ROLNICTWO PRECYZYJNE\n                        <\/p>\n                    <\/a>\n                                    <\/div>\n\n        <div class=\"about-cards__mobile swiper\">\n            <div class=\"swiper-wrapper\">\n                                                            <div class=\"about-cards__grid swiper-slide\">\n                                                                                                <a href=\"https:\/\/dev.wanicki.pl\/monosem\/serwis\/\" class=\"about-cards__item\"\n                                        style=\"background-image: url(https:\/\/dev.wanicki.pl\/monosem\/wp-content\/uploads\/sites\/19\/2024\/06\/ValoTerra-1-1024x576.jpg)\"                                     >\n                                        <div class=\"about-cards__item-text\">\n                                            SERWIS\n                                        <\/div>\n                                    <\/a>\n                                                                                                                                <a href=\"https:\/\/dev.wanicki.pl\/monosem\/czesci\/\" class=\"about-cards__item\"\n                                        style=\"background-image: url(https:\/\/dev.wanicki.pl\/monosem\/wp-content\/uploads\/sites\/19\/2024\/06\/P1000346-683x1024.jpg)\"                                     >\n                                        <div class=\"about-cards__item-text\">\n                                            CZ\u0118\u015aCI\n                                        <\/div>\n                                    <\/a>\n                                                                                                                                <a href=\"https:\/\/dev.wanicki.pl\/monosem\/finansowanie\/\" class=\"about-cards__item\"\n                                        style=\"background-image: url(https:\/\/dev.wanicki.pl\/monosem\/wp-content\/uploads\/sites\/19\/2024\/06\/FertiAvant-2-1-1024x576.jpg)\"                                     >\n                                        <div class=\"about-cards__item-text\">\n                                            FINANSOWANIE\n                                        <\/div>\n                                    <\/a>\n                                                                                                                                <a href=\"https:\/\/dev.wanicki.pl\/monosem\/ubezpieczenia\/\" class=\"about-cards__item\"\n                                        style=\"background-image: url(https:\/\/dev.wanicki.pl\/monosem\/wp-content\/uploads\/sites\/19\/2024\/06\/r2g047838_LSC-1024x683.webp)\"                                     >\n                                        <div class=\"about-cards__item-text\">\n                                            UBEZPIECZENIA\n                                        <\/div>\n                                    <\/a>\n                                                                                    <\/div>\n                                                                                                                                                                                            <div class=\"about-cards__grid swiper-slide\">\n                                                                                                <a href=\"https:\/\/dev.wanicki.pl\/monosem\/rolnictwo-precyzyjne\/\" class=\"about-cards__item\"\n                                        style=\"background-image: url(https:\/\/dev.wanicki.pl\/monosem\/wp-content\/uploads\/sites\/19\/2024\/06\/r2c020170_LSC-1024x683.webp)\"                                     >\n                                        <div class=\"about-cards__item-text\">\n                                            ROLNICTWO PRECYZYJNE\n                                        <\/div>\n                                    <\/a>\n                                                                                    <\/div>\n                                                <\/div>\n            <div class=\"about-cards__arrows\">\n                <div class=\"about-cards__arrows-button about-cards__arrows-left\">\n                    <svg width=\"12px\" height=\"12px\" class=\"about-cards__arrows-icon\" transform=\"rotate(90)\" fill=\"currentColor\" viewBox=\"0 0 96 96\" xmlns=\"http:\/\/www.w3.org\/2000\/svg\">\n  <path d=\"M81.846 25.388a6.024 6.024 0 0 0-8.45.767L48 56.625l-25.396-30.47a5.999 5.999 0 1 0-9.211 7.689l30.001 36.001a5.997 5.997 0 0 0 9.212 0l30.001-36.002a6.008 6.008 0 0 0-.761-8.455Z\"\/>\n<\/svg>                <\/div>\n                <div class=\"about-cards__arrows-button about-cards__arrows-right\">\n                    <svg width=\"12px\" height=\"12px\" class=\"about-cards__arrows-icon\" transform=\"rotate(-90)\" fill=\"currentColor\" viewBox=\"0 0 96 96\" xmlns=\"http:\/\/www.w3.org\/2000\/svg\">\n  <path d=\"M81.846 25.388a6.024 6.024 0 0 0-8.45.767L48 56.625l-25.396-30.47a5.999 5.999 0 1 0-9.211 7.689l30.001 36.001a5.997 5.997 0 0 0 9.212 0l30.001-36.002a6.008 6.008 0 0 0-.761-8.455Z\"\/>\n<\/svg>                <\/div>\n            <\/div>\n        <\/div>\n    <\/div>\n<\/div>\n\n\n<div class=\"container\">\n    <div class=\"wp-block-wanicki-news-cards news-cards\">\n        <h2 class=\"news-cards__title\">AKTUALNE PROMOCJE<\/h2>\n                <div class=\"news-cards__cards\">\n                            <a href=\"https:\/\/dev.wanicki.pl\/monosem\/2025\/06\/18\/skorzystaj-zprogramu-mlody-rolnik-z-naszym-wsparciem\/\" class=\"post-miniature\">\n    <div class=\"post-miniature__image-wrapper\">\n        <div class=\"post-miniature__image\" style=\"background-image: url(https:\/\/dev.wanicki.pl\/monosem\/wp-content\/uploads\/sites\/19\/2024\/06\/NG-Plus-4-2-1024x643.jpg)\"><\/div>\n    <\/div>\n    <div class=\"post-miniature__date badge badge--secondary\">\n        2025-06-18\n    <\/div>\n    <div class=\"post-miniature__down\">\n        <h3 class=\"post-miniature__title\">\n            SKORZYSTAJ Z PROGRAMU M\u0141ODY ROLNIK\u00a0Z NASZYM WSPARCIEM!\n        <\/h3>\n        <div class=\"post-miniature__categories\">\n                            <div class=\"post-miniature__categories-item badge\">\n                    Promocje\n                <\/div>\n                    <\/div>\n    <\/div>\n<\/a>\n                    <\/div>\n\n        <div class=\"news-cards__button\">\n            <a href=\"https:\/\/dev.wanicki.pl\/monosem\/aktualnosci\/\"\n               class=\"btn btn--primary news-cards__button-button\">Zobacz wszystkie aktualno\u015bci<\/a>\n        <\/div>\n    <\/div>\n<\/div>\n\n\n\n<div class=\"wp-block-wanicki-image-with-text image-with-text \">\n\n    <div class=\"image-with-text__image\">\n                    <div class=\"image-with-text__image-photo\"\n                 style=\"background-image: url(https:\/\/dev.wanicki.pl\/monosem\/wp-content\/uploads\/sites\/19\/2024\/06\/1085019-scaled.jpg)\"><\/div>\n            <\/div>\n\n    <div class=\"image-with-text__info  \">\n                    <div class=\"image-with-text__info-title-wrapper\">\n                <h2 class=\"image-with-text__info-title image-with-text__info-title--big\">DO\u0141\u0104CZ DO NAS &#8211; PRACA DLA LUDZI Z PASJ\u0104<\/h2>\n                                    <\/div>\n                            <div class=\"image-with-text__info-text\">\n                <p><strong>Szukamy ludzi z pasj\u0105, gotowych na wyzwania i ciekaw\u0105 prac\u0119.<\/strong><\/p>\n<p>Nasz zesp\u00f3\u0142 otwarty jest na ludzi z do\u015bwiadczeniem, jak r\u00f3wnie\u017c tych, kt\u00f3rzy stawiaj\u0105 pierwsze kroki w pracy zawodowej. Gwarantujemy \u015bwietne i stabilne warunki pracy, dobr\u0105 atmosfer\u0119 oraz mo\u017cliwo\u015b\u0107 rozwoju poprzez udzia\u0142 w zewn\u0119trznych i wewn\u0119trznych szkoleniach oraz stabiln\u0105 pozycj\u0119 pracodawcy.<\/p>\n\n            <\/div>\n                            <a href=\"https:\/\/dev.wanicki.pl\/oferty-pracy\/\" class=\"btn btn--primary image-with-text__button \"\n               >Sprawd\u017a aktualne oferty pracy<\/a>\n                \n    <\/div>\n\n<\/div>\n\n\n<div class=\"wp-block-wanicki-image-with-text image-with-text  image-with-text--reversed \">\n\n    <div class=\"image-with-text__image\">\n                    <div class=\"image-with-text__image-photo\"\n                 style=\"background-image: url(https:\/\/dev.wanicki.pl\/monosem\/wp-content\/uploads\/sites\/19\/2024\/06\/monosem2.png)\"><\/div>\n            <\/div>\n\n    <div class=\"image-with-text__info  image-with-text__info--reversed   image-with-text__info--white \">\n                    <div class=\"image-with-text__info-title-wrapper\">\n                <h2 class=\"image-with-text__info-title image-with-text__info-title--big\">O NAS &#8211; AUTORYZOWANY PARTNER MONOSEM<\/h2>\n                                    <\/div>\n                            <div class=\"image-with-text__info-text\">\n                <p><strong>Jeste\u015bmy autoryzowanym partnerem marki MONOSEM. <\/strong><\/p>\n<p>Dzia\u0142amy na terytorium wojew\u00f3dztwa lubelskiego, podkarpackiego, ma\u0142opolskiego i \u015bl\u0105skiego, a tak\u017ce cz\u0119\u015bci wojew\u00f3dztw opolskiego, mazowieckiego, \u015bwi\u0119tokrzyskiego oraz \u0142\u00f3dzkiego. Oferujemy obs\u0142ug\u0119 full-service.<\/p>\n<p>Naszym Klientom staramy si\u0119 zapewni\u0107 profesjonaln\u0105 obs\u0142ug\u0119 sprzeda\u017cow\u0105 oraz posprzeda\u017cow\u0105 dzi\u0119ki ofercie zaufanych marek wraz z mo\u017cliwo\u015bciami finansowania oraz ubezpiecze\u0144.<\/p>\n\n            <\/div>\n                        \n    <\/div>\n\n<\/div>\n\n\n<div class=\"wp-block-wanicki-cta-banner cta-banner\">\n    <div class=\"container\">\n        <div class=\"cta-banner__container\">\n            <div class=\"cta-banner__image\"\n                  style=\"background-image: url(https:\/\/dev.wanicki.pl\/monosem\/wp-content\/uploads\/sites\/19\/2024\/06\/r2g047838_LSC-scaled.webp)\"             ><\/div>\n            <h2 class=\"cta-banner__title\">Interesuje Ci\u0119 precyzyjny siew warzyw?<\/h2>\n                                    <div class=\"cta-banner__buttons\">\n                                            <a\n                            href=\"tel:732070044\"\n                            class=\"btn cta-banner__button  btn--custom \"\n                             style=\"--custom-color: #1080c3\"                             target=\"\"\n                        >\n                            Zadzwo\u0144 \n                        <\/a>\n                                                                <a\n                            href=\"mailto:rolnictwo.precyzyjne@dev.\/dev.wanicki.pl\"\n                            class=\"btn cta-banner__button  btn--custom \"\n                             style=\"--custom-color: #1080c3\"                             target=\"\"\n                        >\n                            Napisz \n                        <\/a>\n                                    <\/div>\n                    <\/div>\n    <\/div>\n<\/div>\n\n\n\n<figure class=\"wp-block-embed is-type-video is-provider-youtube wp-block-embed-youtube wp-embed-aspect-16-9 wp-has-aspect-ratio\"><div class=\"wp-block-embed__wrapper\">\n<iframe loading=\"lazy\" title=\"MONOSEM - efektywny i precyzyjny siew! | Pokazy MONOSEM w Wanicki\" width=\"500\" height=\"281\" src=\"https:\/\/www.youtube.com\/embed\/N2a00JHKM9w?feature=oembed\" frameborder=\"0\" allow=\"accelerometer; autoplay; clipboard-write; encrypted-media; gyroscope; picture-in-picture; web-share\" referrerpolicy=\"strict-origin-when-cross-origin\" allowfullscreen><\/iframe>\n<\/div><\/figure>\n\n\n<div class=\"wp-block-wanicki-cta-banner cta-banner\">\n    <div class=\"container\">\n        <div class=\"cta-banner__container\">\n            <div class=\"cta-banner__image\"\n                  style=\"background-image: url(https:\/\/dev.wanicki.pl\/monosem\/wp-content\/uploads\/sites\/19\/2024\/06\/Bez-nazwy-1.jpg)\"             ><\/div>\n            <h2 class=\"cta-banner__title\">Um\u00f3w si\u0119 na testy!<\/h2>\n                                    <div class=\"cta-banner__buttons\">\n                                            <a\n                            href=\"tel:785762395\"\n                            class=\"btn cta-banner__button  btn--custom \"\n                             style=\"--custom-color: #1080c3\"                             target=\"\"\n                        >\n                            Zadzwo\u0144 \u260e\n                        <\/a>\n                                                        <\/div>\n                    <\/div>\n    <\/div>\n<\/div>\n","protected":false},"excerpt":{"rendered":"","protected":false},"author":1,"featured_media":0,"parent":0,"menu_order":0,"comment_status":"closed","ping_status":"closed","template":"","meta":{"_acf_changed":false,"footnotes":""},"class_list":["post-1800","page","type-page","status-publish","hentry"],"acf":[],"_links":{"self":[{"href":"https:\/\/dev.wanicki.pl\/monosem\/wp-json\/wp\/v2\/pages\/1800","targetHints":{"allow":["GET"]}}],"collection":[{"href":"https:\/\/dev.wanicki.pl\/monosem\/wp-json\/wp\/v2\/pages"}],"about":[{"href":"https:\/\/dev.wanicki.pl\/monosem\/wp-json\/wp\/v2\/types\/page"}],"author":[{"embeddable":true,"href":"https:\/\/dev.wanicki.pl\/monosem\/wp-json\/wp\/v2\/users\/1"}],"replies":[{"embeddable":true,"href":"https:\/\/dev.wanicki.pl\/monosem\/wp-json\/wp\/v2\/comments?post=1800"}],"version-history":[{"count":30,"href":"https:\/\/dev.wanicki.pl\/monosem\/wp-json\/wp\/v2\/pages\/1800\/revisions"}],"predecessor-version":[{"id":2225,"href":"https:\/\/dev.wanicki.pl\/monosem\/wp-json\/wp\/v2\/pages\/1800\/revisions\/2225"}],"wp:attachment":[{"href":"https:\/\/dev.wanicki.pl\/monosem\/wp-json\/wp\/v2\/media?parent=1800"}],"curies":[{"name":"wp","href":"https:\/\/api.w.org\/{rel}","templated":true}]}}